{"id":2567,"date":"2024-12-03T10:37:22","date_gmt":"2024-12-03T09:37:22","guid":{"rendered":"https:\/\/leerpad.com\/?page_id=2567"},"modified":"2026-01-13T11:13:32","modified_gmt":"2026-01-13T10:13:32","slug":"teamontwikkeling-voor-de-lokale-overheid","status":"publish","type":"page","link":"https:\/\/leerpad.com\/de\/use-cases\/teamontwikkeling-voor-de-lokale-overheid\/","title":{"rendered":"Teamentwicklung f\u00fcr die kommunale Verwaltung"},"content":{"rendered":"<div data-elementor-type=\"wp-page\" data-elementor-id=\"2567\" class=\"elementor elementor-2567\" data-elementor-post-type=\"page\">\n\t\t\t\t<div class=\"elementor-element elementor-element-4670fb7 e-con-full e-flex wcf-starter-animations-none e-con e-parent\" data-id=\"4670fb7\" data-element_type=\"container\" data-e-type=\"container\" data-settings=\"{&quot;wcf_enable_cursor_hover_effect_text&quot;:&quot;View&quot;,&quot;background_background&quot;:&quot;classic&quot;,&quot;wcf-animation&quot;:&quot;none&quot;,&quot;wcf_enable_pin_area&quot;:&quot;no&quot;,&quot;aae_enable_header_sticky_area&quot;:&quot;no&quot;}\">\n\t\t<div class=\"elementor-element elementor-element-cc55ef8 e-flex e-con-boxed wcf-starter-animations-none e-con e-child\" data-id=\"cc55ef8\" data-element_type=\"container\" data-e-type=\"container\" data-settings=\"{&quot;wcf_enable_cursor_hover_effect_text&quot;:&quot;View&quot;,&quot;wcf-animation&quot;:&quot;none&quot;,&quot;wcf_enable_pin_area&quot;:&quot;no&quot;,&quot;aae_enable_header_sticky_area&quot;:&quot;no&quot;}\">\n\t\t\t\t\t<div class=\"e-con-inner\">\n\t\t\t\t<div class=\"elementor-element elementor-element-a39e485 elementor-widget__width-initial wcf-t-animation-word elementor-widget-mobile__width-inherit wcf-starter-animations-none elementor-widget elementor-widget-wcf--title\" data-id=\"a39e485\" data-element_type=\"widget\" data-e-type=\"widget\" data-settings=\"{&quot;wcf_text_animation&quot;:&quot;word&quot;,&quot;wcf_text_animation_editor&quot;:&quot;yes&quot;,&quot;wcf_starter_animations&quot;:&quot;none&quot;,&quot;wcf_anim_duration&quot;:1000,&quot;wcf_anim_delay&quot;:0,&quot;wcf_anim_ease&quot;:&quot;ease&quot;,&quot;aae_text_trigger&quot;:&quot;on_scroll&quot;,&quot;text_delay&quot;:0.15,&quot;text_duration&quot;:1,&quot;text_stagger&quot;:0.02,&quot;text_translate_x&quot;:20,&quot;text_translate_y&quot;:0,&quot;wcf-animation&quot;:&quot;none&quot;}\" data-widget_type=\"wcf--title.default\">\n\t\t\t\t<div class=\"elementor-widget-container\">\n\t\t\t\t\t<h1 class=\"wcf--title\">Teamentwicklung f\u00fcr die kommunale Verwaltung<\/h1>\t\t\t\t<\/div>\n\t\t\t\t<\/div>\n\t\t\t\t\t<\/div>\n\t\t\t\t<\/div>\n\t\t<div class=\"elementor-element elementor-element-0c6138c e-con-full e-flex wcf-starter-animations-none e-con e-child\" data-id=\"0c6138c\" data-element_type=\"container\" data-e-type=\"container\" data-settings=\"{&quot;wcf_enable_cursor_hover_effect_text&quot;:&quot;View&quot;,&quot;wcf-animation&quot;:&quot;none&quot;,&quot;wcf_enable_pin_area&quot;:&quot;no&quot;,&quot;aae_enable_header_sticky_area&quot;:&quot;no&quot;}\">\n\t\t\t\t<div data-speed=\"0.9\" class=\"elementor-element elementor-element-294b2b0 wcf-starter-animations-none elementor-widget elementor-widget-wcf--image\" data-id=\"294b2b0\" data-element_type=\"widget\" data-e-type=\"widget\" data-settings=\"{&quot;wcf-image-animation&quot;:&quot;reveal&quot;,&quot;aae_a_start_from&quot;:&quot;bottom&quot;,&quot;wcf-animation-start&quot;:&quot;top bottom&quot;,&quot;image-ease&quot;:&quot;slowmo&quot;,&quot;wcf_img_animation_editor&quot;:&quot;yes&quot;,&quot;wcf_starter_animations&quot;:&quot;none&quot;,&quot;wcf_anim_duration&quot;:1000,&quot;wcf_anim_delay&quot;:0,&quot;wcf_anim_ease&quot;:&quot;ease&quot;,&quot;wcf-animation&quot;:&quot;none&quot;}\" data-widget_type=\"wcf--image.default\">\n\t\t\t\t<div class=\"elementor-widget-container\">\n\t\t\t\t\t\t\t<div class=\"wcf--image\">\r\n\t\t\t\t\t\t\t<img fetchpriority=\"high\" decoding=\"async\" width=\"7360\" height=\"4912\" src=\"https:\/\/leerpad.com\/wp-content\/uploads\/2026\/01\/woman-near-the-old-windmills-in-netherlands-2025-03-17-14-13-58-utc.jpg\" class=\"attachment-full size-full wp-image-63179\" alt=\"\" srcset=\"https:\/\/leerpad.com\/wp-content\/uploads\/2026\/01\/woman-near-the-old-windmills-in-netherlands-2025-03-17-14-13-58-utc.jpg 7360w, https:\/\/leerpad.com\/wp-content\/uploads\/2026\/01\/woman-near-the-old-windmills-in-netherlands-2025-03-17-14-13-58-utc-300x200.jpg 300w, https:\/\/leerpad.com\/wp-content\/uploads\/2026\/01\/woman-near-the-old-windmills-in-netherlands-2025-03-17-14-13-58-utc-1024x683.jpg 1024w, https:\/\/leerpad.com\/wp-content\/uploads\/2026\/01\/woman-near-the-old-windmills-in-netherlands-2025-03-17-14-13-58-utc-768x513.jpg 768w, https:\/\/leerpad.com\/wp-content\/uploads\/2026\/01\/woman-near-the-old-windmills-in-netherlands-2025-03-17-14-13-58-utc-1536x1025.jpg 1536w, https:\/\/leerpad.com\/wp-content\/uploads\/2026\/01\/woman-near-the-old-windmills-in-netherlands-2025-03-17-14-13-58-utc-2048x1367.jpg 2048w\" sizes=\"(max-width: 7360px) 100vw, 7360px\" \/>\t\t\t\t\t\t<\/div>\r\n\t\t\t\t\t\t<\/div>\n\t\t\t\t<\/div>\n\t\t\t\t<\/div>\n\t\t\t\t<\/div>\n\t\t<div class=\"elementor-element elementor-element-b27a4aa e-flex e-con-boxed wcf-starter-animations-none e-con e-parent\" data-id=\"b27a4aa\" data-element_type=\"container\" data-e-type=\"container\" data-settings=\"{&quot;wcf_enable_cursor_hover_effect_text&quot;:&quot;View&quot;,&quot;background_background&quot;:&quot;classic&quot;,&quot;wcf-animation&quot;:&quot;none&quot;,&quot;wcf_enable_pin_area&quot;:&quot;no&quot;,&quot;aae_enable_header_sticky_area&quot;:&quot;no&quot;}\">\n\t\t\t\t\t<div class=\"e-con-inner\">\n\t\t<div class=\"elementor-element elementor-element-311ace9 e-con-full e-flex wcf-starter-animations-none e-con e-child\" data-id=\"311ace9\" data-element_type=\"container\" data-e-type=\"container\" data-settings=\"{&quot;wcf_enable_cursor_hover_effect_text&quot;:&quot;View&quot;,&quot;wcf-animation&quot;:&quot;none&quot;,&quot;wcf_enable_pin_area&quot;:&quot;no&quot;,&quot;aae_enable_header_sticky_area&quot;:&quot;no&quot;}\">\n\t\t\t\t<div class=\"elementor-element elementor-element-310e176 elementor-widget__width-initial wcf-t-animation-text_invert elementor-widget-mobile__width-inherit wcf-starter-animations-none elementor-widget elementor-widget-wcf--title\" data-id=\"310e176\" data-element_type=\"widget\" data-e-type=\"widget\" data-settings=\"{&quot;wcf_text_animation&quot;:&quot;text_invert&quot;,&quot;aae_anim_invert_s&quot;:&quot;top 85%&quot;,&quot;aae_anim_invert_e&quot;:&quot;bottom center&quot;,&quot;wcf_starter_animations&quot;:&quot;none&quot;,&quot;wcf_anim_duration&quot;:1000,&quot;wcf_anim_delay&quot;:0,&quot;wcf_anim_ease&quot;:&quot;ease&quot;,&quot;wcf-animation&quot;:&quot;none&quot;}\" data-widget_type=\"wcf--title.default\">\n\t\t\t\t<div class=\"elementor-widget-container\">\n\t\t\t\t\t<h2 class=\"wcf--title\">Ein Lernpfad, der Teamentwicklung innerhalb der Kommunalverwaltung erm\u00f6glicht<\/h2>\t\t\t\t<\/div>\n\t\t\t\t<\/div>\n\t\t\t\t<div class=\"elementor-element elementor-element-03b1d80 wcf-t-animation-text_move wcf-starter-animations-none elementor-widget elementor-widget-wcf--text\" data-id=\"03b1d80\" data-element_type=\"widget\" data-e-type=\"widget\" data-settings=\"{&quot;wcf_text_animation&quot;:&quot;text_move&quot;,&quot;text_transform_origin&quot;:&quot;top center -50&quot;,&quot;wcf_starter_animations&quot;:&quot;none&quot;,&quot;wcf_anim_duration&quot;:1000,&quot;wcf_anim_delay&quot;:0,&quot;wcf_anim_ease&quot;:&quot;ease&quot;,&quot;aae_text_trigger&quot;:&quot;on_scroll&quot;,&quot;text_delay&quot;:0.15,&quot;text_duration&quot;:1,&quot;text_stagger&quot;:0.02,&quot;text_rotation_di&quot;:&quot;x&quot;,&quot;text_rotation&quot;:&quot;-80&quot;,&quot;wcf-animation&quot;:&quot;none&quot;}\" data-widget_type=\"wcf--text.default\">\n\t\t\t\t<div class=\"elementor-widget-container\">\n\t\t\t\t\t<div class=\"wcf--text\"><p>Die Abteilung Backoffice Parken der Gemeinde strebte eine Transformation an, um die Zusammenarbeit im Team zu verbessern und individuelle Verantwortlichkeiten zu st\u00e4rken. Mit einem auf Teamentwicklung in der Kommunalverwaltung ausgerichteten Programm wurden Herausforderungen wie die St\u00e4rkung der Teamdynamik, die F\u00f6rderung proaktiver Entscheidungsfindung und die optimale Nutzung der gegenseitigen St\u00e4rken gezielt angegangen. Das Programm f\u00f6rderte Selbstreflexion und pers\u00f6nliche Verantwortung und begleitete das Team von isolierten Arbeitsmustern hin zu einer gemeinsamen, erfolgreichen Zusammenarbeit.<\/p><\/div>\t\t\t\t<\/div>\n\t\t\t\t<\/div>\n\t\t\t\t<div class=\"elementor-element elementor-element-b07e710 wcf-t-animation-text_move wcf-starter-animations-none elementor-widget elementor-widget-wcf--text\" data-id=\"b07e710\" data-element_type=\"widget\" data-e-type=\"widget\" data-settings=\"{&quot;wcf_text_animation&quot;:&quot;text_move&quot;,&quot;text_transform_origin&quot;:&quot;top center -50&quot;,&quot;wcf_starter_animations&quot;:&quot;none&quot;,&quot;wcf_anim_duration&quot;:1000,&quot;wcf_anim_delay&quot;:0,&quot;wcf_anim_ease&quot;:&quot;ease&quot;,&quot;aae_text_trigger&quot;:&quot;on_scroll&quot;,&quot;text_delay&quot;:0.15,&quot;text_duration&quot;:1,&quot;text_stagger&quot;:0.02,&quot;text_rotation_di&quot;:&quot;x&quot;,&quot;text_rotation&quot;:&quot;-80&quot;,&quot;wcf-animation&quot;:&quot;none&quot;}\" data-widget_type=\"wcf--text.default\">\n\t\t\t\t<div class=\"elementor-widget-container\">\n\t\t\t\t\t<div class=\"wcf--text\"><p>Leerpad.com entwickelte ein ma\u00dfgeschneidertes Programm zur pers\u00f6nlichen und teambezogenen Entwicklung f\u00fcr die Kommunalverwaltung \u2013 sowohl auf bewusster als auch auf unbewusster Ebene. Das Programm untersuchte die zugrunde liegenden Ursachen individuellen und teambezogenen Verhaltens, wodurch die Teilnehmenden Hindernisse \u00fcberwinden und nachhaltiges Wachstum erreichen konnten.<\/p><\/div>\t\t\t\t<\/div>\n\t\t\t\t<\/div>\n\t\t\t\t<div class=\"elementor-element elementor-element-84962a6 wcf-starter-animations-none elementor-widget elementor-widget-wcf--image\" data-id=\"84962a6\" data-element_type=\"widget\" data-e-type=\"widget\" data-settings=\"{&quot;wcf-image-animation&quot;:&quot;reveal&quot;,&quot;wcf_starter_animations&quot;:&quot;none&quot;,&quot;wcf_anim_duration&quot;:1000,&quot;wcf_anim_delay&quot;:0,&quot;wcf_anim_ease&quot;:&quot;ease&quot;,&quot;aae_a_start_from&quot;:&quot;right&quot;,&quot;wcf-animation-start&quot;:&quot;top center&quot;,&quot;image-ease&quot;:&quot;power2.out&quot;,&quot;wcf-animation&quot;:&quot;none&quot;}\" data-widget_type=\"wcf--image.default\">\n\t\t\t\t<div class=\"elementor-widget-container\">\n\t\t\t\t\t\t\t<div class=\"wcf--image\">\r\n\t\t\t\t\t\t\t<img decoding=\"async\" width=\"800\" height=\"534\" src=\"https:\/\/leerpad.com\/wp-content\/uploads\/2026\/01\/mature-businesswoman-taking-a-selfie-with-multi-et-2025-03-08-04-44-52-utc-1024x683.jpg\" class=\"attachment-large size-large wp-image-63180\" alt=\"\" srcset=\"https:\/\/leerpad.com\/wp-content\/uploads\/2026\/01\/mature-businesswoman-taking-a-selfie-with-multi-et-2025-03-08-04-44-52-utc-1024x683.jpg 1024w, https:\/\/leerpad.com\/wp-content\/uploads\/2026\/01\/mature-businesswoman-taking-a-selfie-with-multi-et-2025-03-08-04-44-52-utc-300x200.jpg 300w, https:\/\/leerpad.com\/wp-content\/uploads\/2026\/01\/mature-businesswoman-taking-a-selfie-with-multi-et-2025-03-08-04-44-52-utc-768x512.jpg 768w, https:\/\/leerpad.com\/wp-content\/uploads\/2026\/01\/mature-businesswoman-taking-a-selfie-with-multi-et-2025-03-08-04-44-52-utc-1536x1024.jpg 1536w, https:\/\/leerpad.com\/wp-content\/uploads\/2026\/01\/mature-businesswoman-taking-a-selfie-with-multi-et-2025-03-08-04-44-52-utc-2048x1365.jpg 2048w\" sizes=\"(max-width: 800px) 100vw, 800px\" \/>\t\t\t\t\t\t<\/div>\r\n\t\t\t\t\t\t<\/div>\n\t\t\t\t<\/div>\n\t\t\t\t<div class=\"elementor-element elementor-element-04e3366 elementor-widget__width-initial wcf-t-animation-text_move elementor-widget-mobile__width-inherit wcf-starter-animations-none elementor-widget elementor-widget-wcf--title\" data-id=\"04e3366\" data-element_type=\"widget\" data-e-type=\"widget\" data-settings=\"{&quot;wcf_text_animation&quot;:&quot;text_move&quot;,&quot;text_transform_origin&quot;:&quot;top center -50&quot;,&quot;wcf_starter_animations&quot;:&quot;none&quot;,&quot;wcf_anim_duration&quot;:1000,&quot;wcf_anim_delay&quot;:0,&quot;wcf_anim_ease&quot;:&quot;ease&quot;,&quot;aae_text_trigger&quot;:&quot;on_scroll&quot;,&quot;text_delay&quot;:0.15,&quot;text_duration&quot;:1,&quot;text_stagger&quot;:0.02,&quot;text_rotation_di&quot;:&quot;x&quot;,&quot;text_rotation&quot;:&quot;-80&quot;,&quot;wcf-animation&quot;:&quot;none&quot;}\" data-widget_type=\"wcf--title.default\">\n\t\t\t\t<div class=\"elementor-widget-container\">\n\t\t\t\t\t<h2 class=\"wcf--title\">Einzigartiger Ansatz<\/h2>\t\t\t\t<\/div>\n\t\t\t\t<\/div>\n\t\t\t\t<div class=\"elementor-element elementor-element-a6435a4 wcf-t-animation-text_move wcf-starter-animations-none elementor-widget elementor-widget-wcf--text\" data-id=\"a6435a4\" data-element_type=\"widget\" data-e-type=\"widget\" data-settings=\"{&quot;wcf_text_animation&quot;:&quot;text_move&quot;,&quot;text_transform_origin&quot;:&quot;top center -50&quot;,&quot;wcf_starter_animations&quot;:&quot;none&quot;,&quot;wcf_anim_duration&quot;:1000,&quot;wcf_anim_delay&quot;:0,&quot;wcf_anim_ease&quot;:&quot;ease&quot;,&quot;aae_text_trigger&quot;:&quot;on_scroll&quot;,&quot;text_delay&quot;:0.15,&quot;text_duration&quot;:1,&quot;text_stagger&quot;:0.02,&quot;text_rotation_di&quot;:&quot;x&quot;,&quot;text_rotation&quot;:&quot;-80&quot;,&quot;wcf-animation&quot;:&quot;none&quot;}\" data-widget_type=\"wcf--text.default\">\n\t\t\t\t<div class=\"elementor-widget-container\">\n\t\t\t\t\t<div class=\"wcf--text\"><p>Bei Leerpad.com sind wir \u00fcberzeugt, dass transformative Entwicklung mit dem Verst\u00e4ndnis unbewusster \u00dcberzeugungen beginnt, die unser Verhalten pr\u00e4gen. Indem wir diese grundlegenden Elemente adressieren, bef\u00e4higt unser Ansatz Individuen, einschr\u00e4nkende Muster loszulassen und neue Praktiken zu etablieren, die mit ihren eigenen Zielen sowie denen ihres Teams im Einklang stehen.<\/p><p>Der Fokus auf tiefes Selbstbewusstsein und praktische Teamintegration gibt den Teilnehmenden Werkzeuge an die Hand, um ihre Entwicklung auch lange nach Abschluss des Programms fortzusetzen. Dank dieses Programms entwickelte sich das Backoffice-Parken-Team der Gemeinde zu einem geschlossenen, leistungsstarken Team, das bereit ist f\u00fcr die Herausforderungen der Zukunft.<\/p><\/div>\t\t\t\t<\/div>\n\t\t\t\t<\/div>\n\t\t\t\t<\/div>\n\t\t<div class=\"elementor-element elementor-element-81b1324 e-con-full e-flex wcf-starter-animations-none e-con e-child\" data-id=\"81b1324\" data-element_type=\"container\" data-e-type=\"container\" data-settings=\"{&quot;wcf_enable_cursor_hover_effect_text&quot;:&quot;View&quot;,&quot;wcf_enable_pin_area&quot;:&quot;yes&quot;,&quot;wcf_enable_pin_area_tablet&quot;:&quot;yes&quot;,&quot;wcf_enable_pin_area_mobile&quot;:&quot;no&quot;,&quot;wcf-animation&quot;:&quot;none&quot;,&quot;wcf_pin_end_trigger_type&quot;:&quot;default&quot;,&quot;wcf_pin_status&quot;:&quot;true&quot;,&quot;wcf_pin_area_start&quot;:&quot;top top&quot;,&quot;wcf_pin_area_end&quot;:&quot;bottom bottom&quot;,&quot;wcf_pin_spacing&quot;:&quot;false&quot;,&quot;wcf_pin_markers&quot;:&quot;false&quot;,&quot;aae_enable_header_sticky_area&quot;:&quot;no&quot;}\">\n\t\t<div class=\"aae-disable-transition elementor-element elementor-element-3cade03 e-con-full e-flex wcf-starter-animations-none e-con e-child\" data-id=\"3cade03\" data-element_type=\"container\" data-e-type=\"container\" data-settings=\"{&quot;background_background&quot;:&quot;classic&quot;,&quot;wcf-animation&quot;:&quot;fade&quot;,&quot;wcf_enable_cursor_hover_effect_text&quot;:&quot;View&quot;,&quot;wcf_enable_pin_area&quot;:&quot;no&quot;,&quot;wcf_enable_pin_area_tablet&quot;:&quot;no&quot;,&quot;aae_method&quot;:&quot;from&quot;,&quot;aae_trigger&quot;:&quot;on_scroll&quot;,&quot;delay&quot;:0.15,&quot;fade-from&quot;:&quot;bottom&quot;,&quot;data-duration&quot;:1.5,&quot;ease&quot;:&quot;power2.out&quot;,&quot;fade-offset&quot;:50,&quot;aae_enable_header_sticky_area&quot;:&quot;no&quot;}\">\n\t\t\t\t<div class=\"elementor-element elementor-element-83b1587 wcf-starter-animations-none wcf-t-animation-none elementor-widget elementor-widget-wcf--title\" data-id=\"83b1587\" data-element_type=\"widget\" data-e-type=\"widget\" data-settings=\"{&quot;wcf_starter_animations&quot;:&quot;none&quot;,&quot;wcf_anim_duration&quot;:1000,&quot;wcf_anim_delay&quot;:0,&quot;wcf_anim_ease&quot;:&quot;ease&quot;,&quot;wcf_text_animation&quot;:&quot;none&quot;,&quot;wcf-animation&quot;:&quot;none&quot;}\" data-widget_type=\"wcf--title.default\">\n\t\t\t\t<div class=\"elementor-widget-container\">\n\t\t\t\t\t<h4 class=\"wcf--title\">Individuelle Qualit\u00e4ten<\/h4>\t\t\t\t<\/div>\n\t\t\t\t<\/div>\n\t\t\t\t<div class=\"elementor-element elementor-element-d1963ad elementor-icon-list--layout-traditional elementor-list-item-link-full_width elementor-widget elementor-widget-icon-list\" data-id=\"d1963ad\" data-element_type=\"widget\" data-e-type=\"widget\" data-settings=\"{&quot;wcf-animation&quot;:&quot;none&quot;}\" data-widget_type=\"icon-list.default\">\n\t\t\t\t<div class=\"elementor-widget-container\">\n\t\t\t\t\t\t\t<ul class=\"elementor-icon-list-items\">\n\t\t\t\t\t\t\t<li class=\"elementor-icon-list-item\">\n\t\t\t\t\t\t\t\t\t\t<span class=\"elementor-icon-list-text\">Praktische \u00dcbungen, um Mitarbeitende dabei zu unterst\u00fctzen, ihre eigenen einzigartigen St\u00e4rken sowie die ihrer Kolleginnen und Kollegen zu erkennen und gezielt einzusetzen, um die Teamleistung zu verbessern.<\/span>\n\t\t\t\t\t\t\t\t\t<\/li>\n\t\t\t\t\t\t<\/ul>\n\t\t\t\t\t\t<\/div>\n\t\t\t\t<\/div>\n\t\t\t\t<div class=\"elementor-element elementor-element-1798648 elementor-widget-divider--view-line elementor-widget elementor-widget-divider\" data-id=\"1798648\" data-element_type=\"widget\" data-e-type=\"widget\" data-settings=\"{&quot;wcf-animation&quot;:&quot;none&quot;}\" data-widget_type=\"divider.default\">\n\t\t\t\t<div class=\"elementor-widget-container\">\n\t\t\t\t\t\t\t<div class=\"elementor-divider\">\n\t\t\t<span class=\"elementor-divider-separator\">\n\t\t\t\t\t\t<\/span>\n\t\t<\/div>\n\t\t\t\t\t\t<\/div>\n\t\t\t\t<\/div>\n\t\t\t\t<div class=\"elementor-element elementor-element-acd5d6d wcf-starter-animations-none wcf-t-animation-none elementor-widget elementor-widget-wcf--title\" data-id=\"acd5d6d\" data-element_type=\"widget\" data-e-type=\"widget\" data-settings=\"{&quot;wcf_starter_animations&quot;:&quot;none&quot;,&quot;wcf_anim_duration&quot;:1000,&quot;wcf_anim_delay&quot;:0,&quot;wcf_anim_ease&quot;:&quot;ease&quot;,&quot;wcf_text_animation&quot;:&quot;none&quot;,&quot;wcf-animation&quot;:&quot;none&quot;}\" data-widget_type=\"wcf--title.default\">\n\t\t\t\t<div class=\"elementor-widget-container\">\n\t\t\t\t\t<h4 class=\"wcf--title\">St\u00e4rkung der Teamkoh\u00e4sion<\/h4>\t\t\t\t<\/div>\n\t\t\t\t<\/div>\n\t\t\t\t<div class=\"elementor-element elementor-element-181be54 elementor-icon-list--layout-traditional elementor-list-item-link-full_width elementor-widget elementor-widget-icon-list\" data-id=\"181be54\" data-element_type=\"widget\" data-e-type=\"widget\" data-settings=\"{&quot;wcf-animation&quot;:&quot;none&quot;}\" data-widget_type=\"icon-list.default\">\n\t\t\t\t<div class=\"elementor-widget-container\">\n\t\t\t\t\t\t\t<ul class=\"elementor-icon-list-items\">\n\t\t\t\t\t\t\t<li class=\"elementor-icon-list-item\">\n\t\t\t\t\t\t\t\t\t\t<span class=\"elementor-icon-list-text\">Moderierte Diskussionen und interaktive Aufgaben mit dem Ziel, Silos aufzubrechen und ein gemeinsames Verantwortungsgef\u00fchl sowie geteilte Ziele zu f\u00f6rdern.<\/span>\n\t\t\t\t\t\t\t\t\t<\/li>\n\t\t\t\t\t\t<\/ul>\n\t\t\t\t\t\t<\/div>\n\t\t\t\t<\/div>\n\t\t\t\t<div class=\"elementor-element elementor-element-02ba3c6 elementor-widget-divider--view-line elementor-widget elementor-widget-divider\" data-id=\"02ba3c6\" data-element_type=\"widget\" data-e-type=\"widget\" data-settings=\"{&quot;wcf-animation&quot;:&quot;none&quot;}\" data-widget_type=\"divider.default\">\n\t\t\t\t<div class=\"elementor-widget-container\">\n\t\t\t\t\t\t\t<div class=\"elementor-divider\">\n\t\t\t<span class=\"elementor-divider-separator\">\n\t\t\t\t\t\t<\/span>\n\t\t<\/div>\n\t\t\t\t\t\t<\/div>\n\t\t\t\t<\/div>\n\t\t\t\t<div class=\"elementor-element elementor-element-6957e98 wcf-starter-animations-none wcf-t-animation-none elementor-widget elementor-widget-wcf--title\" data-id=\"6957e98\" data-element_type=\"widget\" data-e-type=\"widget\" data-settings=\"{&quot;wcf_starter_animations&quot;:&quot;none&quot;,&quot;wcf_anim_duration&quot;:1000,&quot;wcf_anim_delay&quot;:0,&quot;wcf_anim_ease&quot;:&quot;ease&quot;,&quot;wcf_text_animation&quot;:&quot;none&quot;,&quot;wcf-animation&quot;:&quot;none&quot;}\" data-widget_type=\"wcf--title.default\">\n\t\t\t\t<div class=\"elementor-widget-container\">\n\t\t\t\t\t<h4 class=\"wcf--title\">Ergebnis<\/h4>\t\t\t\t<\/div>\n\t\t\t\t<\/div>\n\t\t\t\t<div class=\"elementor-element elementor-element-9ff265e elementor-icon-list--layout-traditional elementor-list-item-link-full_width elementor-widget elementor-widget-icon-list\" data-id=\"9ff265e\" data-element_type=\"widget\" data-e-type=\"widget\" data-settings=\"{&quot;wcf-animation&quot;:&quot;none&quot;}\" data-widget_type=\"icon-list.default\">\n\t\t\t\t<div class=\"elementor-widget-container\">\n\t\t\t\t\t\t\t<ul class=\"elementor-icon-list-items\">\n\t\t\t\t\t\t\t<li class=\"elementor-icon-list-item\">\n\t\t\t\t\t\t\t\t\t\t\t<span class=\"elementor-icon-list-icon\">\n\t\t\t\t\t\t\t<i aria-hidden=\"true\" class=\"icon_check_alt2\"><\/i>\t\t\t\t\t\t<\/span>\n\t\t\t\t\t\t\t\t\t\t<span class=\"elementor-icon-list-text\">Verbesserte Zusammenarbeit<\/span>\n\t\t\t\t\t\t\t\t\t<\/li>\n\t\t\t\t\t\t\t\t<li class=\"elementor-icon-list-item\">\n\t\t\t\t\t\t\t\t\t\t\t<span class=\"elementor-icon-list-icon\">\n\t\t\t\t\t\t\t<i aria-hidden=\"true\" class=\"icon_check_alt2\"><\/i>\t\t\t\t\t\t<\/span>\n\t\t\t\t\t\t\t\t\t\t<span class=\"elementor-icon-list-text\">Proaktive Denkweise<\/span>\n\t\t\t\t\t\t\t\t\t<\/li>\n\t\t\t\t\t\t\t\t<li class=\"elementor-icon-list-item\">\n\t\t\t\t\t\t\t\t\t\t\t<span class=\"elementor-icon-list-icon\">\n\t\t\t\t\t\t\t<i aria-hidden=\"true\" class=\"icon_check_alt2\"><\/i>\t\t\t\t\t\t<\/span>\n\t\t\t\t\t\t\t\t\t\t<span class=\"elementor-icon-list-text\"> St\u00e4rkeres Teamgef\u00fchl<\/span>\n\t\t\t\t\t\t\t\t\t<\/li>\n\t\t\t\t\t\t\t\t<li class=\"elementor-icon-list-item\">\n\t\t\t\t\t\t\t\t\t\t\t<span class=\"elementor-icon-list-icon\">\n\t\t\t\t\t\t\t<i aria-hidden=\"true\" class=\"icon_check_alt2\"><\/i>\t\t\t\t\t\t<\/span>\n\t\t\t\t\t\t\t\t\t\t<span class=\"elementor-icon-list-text\">Vertieftes Selbstverst\u00e4ndnis<\/span>\n\t\t\t\t\t\t\t\t\t<\/li>\n\t\t\t\t\t\t<\/ul>\n\t\t\t\t\t\t<\/div>\n\t\t\t\t<\/div>\n\t\t\t\t<\/div>\n\t\t\t\t<\/div>\n\t\t\t\t\t<\/div>\n\t\t\t\t<\/div>\n\t\t\t\t<\/div>","protected":false},"excerpt":{"rendered":"<p>Teamontwikkeling voor de Lokale Overheid Een leerpad die teamontwikkeling realiseert binnen de lokale overheid De afdeling Backoffice Parkeren van de Gemeente streefde naar een transformatie om de samenwerking binnen het team te verbeteren en individuele verantwoordelijkheden te vergroten. Met een programma gericht op teamontwikkeling voor de Lokale Overheid werden uitdagingen zoals het versterken van teamdynamiek, [&hellip;]<\/p>\n","protected":false},"author":224244682,"featured_media":39472,"parent":1989,"menu_order":9,"comment_status":"closed","ping_status":"closed","template":"","meta":{"_acf_changed":false,"_crdt_document":"","footnotes":""},"class_list":["post-2567","page","type-page","status-publish","has-post-thumbnail","hentry"],"acf":[],"_links":{"self":[{"href":"https:\/\/leerpad.com\/de\/wp-json\/wp\/v2\/pages\/2567","targetHints":{"allow":["GET"]}}],"collection":[{"href":"https:\/\/leerpad.com\/de\/wp-json\/wp\/v2\/pages"}],"about":[{"href":"https:\/\/leerpad.com\/de\/wp-json\/wp\/v2\/types\/page"}],"author":[{"embeddable":true,"href":"https:\/\/leerpad.com\/de\/wp-json\/wp\/v2\/users\/224244682"}],"replies":[{"embeddable":true,"href":"https:\/\/leerpad.com\/de\/wp-json\/wp\/v2\/comments?post=2567"}],"version-history":[{"count":0,"href":"https:\/\/leerpad.com\/de\/wp-json\/wp\/v2\/pages\/2567\/revisions"}],"up":[{"embeddable":true,"href":"https:\/\/leerpad.com\/de\/wp-json\/wp\/v2\/pages\/1989"}],"wp:featuredmedia":[{"embeddable":true,"href":"https:\/\/leerpad.com\/de\/wp-json\/wp\/v2\/media\/39472"}],"wp:attachment":[{"href":"https:\/\/leerpad.com\/de\/wp-json\/wp\/v2\/media?parent=2567"}],"curies":[{"name":"wp","href":"https:\/\/api.w.org\/{rel}","templated":true}]}}