{"id":2486,"date":"2024-12-03T10:37:34","date_gmt":"2024-12-03T09:37:34","guid":{"rendered":"https:\/\/leerpad.com\/?page_id=2486"},"modified":"2026-01-13T11:11:35","modified_gmt":"2026-01-13T10:11:35","slug":"transformatie-in-de-offshore-windenergiesector","status":"publish","type":"page","link":"https:\/\/leerpad.com\/es\/use-cases\/transformatie-in-de-offshore-windenergiesector\/","title":{"rendered":"Transformaci\u00f3n en el sector de la energ\u00eda e\u00f3lica offshore"},"content":{"rendered":"<div data-elementor-type=\"wp-page\" data-elementor-id=\"2486\" class=\"elementor elementor-2486\" data-elementor-post-type=\"page\">\n\t\t\t\t<div class=\"elementor-element elementor-element-1ef7bba e-con-full e-flex wcf-starter-animations-none e-con e-parent\" data-id=\"1ef7bba\" data-element_type=\"container\" data-e-type=\"container\" data-settings=\"{&quot;wcf_enable_cursor_hover_effect_text&quot;:&quot;View&quot;,&quot;background_background&quot;:&quot;classic&quot;,&quot;wcf-animation&quot;:&quot;none&quot;,&quot;wcf_enable_pin_area&quot;:&quot;no&quot;,&quot;aae_enable_header_sticky_area&quot;:&quot;no&quot;}\">\n\t\t<div class=\"elementor-element elementor-element-352a175 e-flex e-con-boxed wcf-starter-animations-none e-con e-child\" data-id=\"352a175\" data-element_type=\"container\" data-e-type=\"container\" data-settings=\"{&quot;wcf_enable_cursor_hover_effect_text&quot;:&quot;View&quot;,&quot;wcf-animation&quot;:&quot;none&quot;,&quot;wcf_enable_pin_area&quot;:&quot;no&quot;,&quot;aae_enable_header_sticky_area&quot;:&quot;no&quot;}\">\n\t\t\t\t\t<div class=\"e-con-inner\">\n\t\t\t\t<div class=\"elementor-element elementor-element-f95fcfa elementor-widget__width-initial wcf-t-animation-word elementor-widget-mobile__width-inherit wcf-starter-animations-none elementor-widget elementor-widget-wcf--title\" data-id=\"f95fcfa\" data-element_type=\"widget\" data-e-type=\"widget\" data-settings=\"{&quot;wcf_text_animation&quot;:&quot;word&quot;,&quot;wcf_text_animation_editor&quot;:&quot;yes&quot;,&quot;wcf_starter_animations&quot;:&quot;none&quot;,&quot;wcf_anim_duration&quot;:1000,&quot;wcf_anim_delay&quot;:0,&quot;wcf_anim_ease&quot;:&quot;ease&quot;,&quot;aae_text_trigger&quot;:&quot;on_scroll&quot;,&quot;text_delay&quot;:0.15,&quot;text_duration&quot;:1,&quot;text_stagger&quot;:0.02,&quot;text_translate_x&quot;:20,&quot;text_translate_y&quot;:0,&quot;wcf-animation&quot;:&quot;none&quot;}\" data-widget_type=\"wcf--title.default\">\n\t\t\t\t<div class=\"elementor-widget-container\">\n\t\t\t\t\t<h1 class=\"wcf--title\">Transformaci\u00f3n en el sector de la energ\u00eda e\u00f3lica offshore<\/h1>\t\t\t\t<\/div>\n\t\t\t\t<\/div>\n\t\t\t\t\t<\/div>\n\t\t\t\t<\/div>\n\t\t<div class=\"elementor-element elementor-element-fcd6ca6 e-con-full e-flex wcf-starter-animations-none e-con e-child\" data-id=\"fcd6ca6\" data-element_type=\"container\" data-e-type=\"container\" data-settings=\"{&quot;wcf_enable_cursor_hover_effect_text&quot;:&quot;View&quot;,&quot;wcf-animation&quot;:&quot;none&quot;,&quot;wcf_enable_pin_area&quot;:&quot;no&quot;,&quot;aae_enable_header_sticky_area&quot;:&quot;no&quot;}\">\n\t\t\t\t<div data-speed=\"0.9\" class=\"elementor-element elementor-element-d76393a wcf-starter-animations-none elementor-widget elementor-widget-wcf--image\" data-id=\"d76393a\" data-element_type=\"widget\" data-e-type=\"widget\" data-settings=\"{&quot;wcf-image-animation&quot;:&quot;reveal&quot;,&quot;aae_a_start_from&quot;:&quot;bottom&quot;,&quot;wcf-animation-start&quot;:&quot;top bottom&quot;,&quot;image-ease&quot;:&quot;slowmo&quot;,&quot;wcf_img_animation_editor&quot;:&quot;yes&quot;,&quot;wcf_starter_animations&quot;:&quot;none&quot;,&quot;wcf_anim_duration&quot;:1000,&quot;wcf_anim_delay&quot;:0,&quot;wcf_anim_ease&quot;:&quot;ease&quot;,&quot;wcf-animation&quot;:&quot;none&quot;}\" data-widget_type=\"wcf--image.default\">\n\t\t\t\t<div class=\"elementor-widget-container\">\n\t\t\t\t\t\t\t<div class=\"wcf--image\">\r\n\t\t\t\t\t\t\t<img fetchpriority=\"high\" decoding=\"async\" width=\"1920\" height=\"1080\" src=\"https:\/\/leerpad.com\/wp-content\/uploads\/2025\/01\/windmolen_2_mensen.webp\" class=\"attachment-full size-full wp-image-39423\" alt=\"Formaci\u00f3n empresarial para la energ\u00eda y la sostenibilidad | Leerpad.com\" srcset=\"https:\/\/leerpad.com\/wp-content\/uploads\/2025\/01\/windmolen_2_mensen.webp 1920w, https:\/\/leerpad.com\/wp-content\/uploads\/2025\/01\/windmolen_2_mensen-300x169.png 300w, https:\/\/leerpad.com\/wp-content\/uploads\/2025\/01\/windmolen_2_mensen-1024x576.png 1024w, https:\/\/leerpad.com\/wp-content\/uploads\/2025\/01\/windmolen_2_mensen-768x432.png 768w, https:\/\/leerpad.com\/wp-content\/uploads\/2025\/01\/windmolen_2_mensen-1536x864.png 1536w, https:\/\/leerpad.com\/wp-content\/uploads\/2025\/01\/windmolen_2_mensen-18x10.png 18w, https:\/\/leerpad.com\/wp-content\/uploads\/2025\/01\/windmolen_2_mensen-624x351.png 624w\" sizes=\"(max-width: 1920px) 100vw, 1920px\" \/>\t\t\t\t\t\t<\/div>\r\n\t\t\t\t\t\t<\/div>\n\t\t\t\t<\/div>\n\t\t\t\t<\/div>\n\t\t\t\t<\/div>\n\t\t<div class=\"elementor-element elementor-element-02c0e55 e-flex e-con-boxed wcf-starter-animations-none e-con e-parent\" data-id=\"02c0e55\" data-element_type=\"container\" data-e-type=\"container\" data-settings=\"{&quot;wcf_enable_cursor_hover_effect_text&quot;:&quot;View&quot;,&quot;background_background&quot;:&quot;classic&quot;,&quot;wcf-animation&quot;:&quot;none&quot;,&quot;wcf_enable_pin_area&quot;:&quot;no&quot;,&quot;aae_enable_header_sticky_area&quot;:&quot;no&quot;}\">\n\t\t\t\t\t<div class=\"e-con-inner\">\n\t\t<div class=\"elementor-element elementor-element-4701027 e-con-full e-flex wcf-starter-animations-none e-con e-child\" data-id=\"4701027\" data-element_type=\"container\" data-e-type=\"container\" data-settings=\"{&quot;wcf_enable_cursor_hover_effect_text&quot;:&quot;View&quot;,&quot;wcf-animation&quot;:&quot;none&quot;,&quot;wcf_enable_pin_area&quot;:&quot;no&quot;,&quot;aae_enable_header_sticky_area&quot;:&quot;no&quot;}\">\n\t\t\t\t<div class=\"elementor-element elementor-element-3c15aaf elementor-widget__width-initial wcf-t-animation-text_invert elementor-widget-mobile__width-inherit wcf-starter-animations-none elementor-widget elementor-widget-wcf--title\" data-id=\"3c15aaf\" data-element_type=\"widget\" data-e-type=\"widget\" data-settings=\"{&quot;wcf_text_animation&quot;:&quot;text_invert&quot;,&quot;aae_anim_invert_s&quot;:&quot;top 85%&quot;,&quot;aae_anim_invert_e&quot;:&quot;bottom center&quot;,&quot;wcf_starter_animations&quot;:&quot;none&quot;,&quot;wcf_anim_duration&quot;:1000,&quot;wcf_anim_delay&quot;:0,&quot;wcf_anim_ease&quot;:&quot;ease&quot;,&quot;wcf-animation&quot;:&quot;none&quot;}\" data-widget_type=\"wcf--title.default\">\n\t\t\t\t<div class=\"elementor-widget-container\">\n\t\t\t\t\t<h2 class=\"wcf--title\">Un programa de liderazgo que impulsa la transformaci\u00f3n en el sector de la energ\u00eda e\u00f3lica offshore.<\/h2>\t\t\t\t<\/div>\n\t\t\t\t<\/div>\n\t\t\t\t<div class=\"elementor-element elementor-element-1c9282c wcf-t-animation-text_move wcf-starter-animations-none elementor-widget elementor-widget-wcf--text\" data-id=\"1c9282c\" data-element_type=\"widget\" data-e-type=\"widget\" data-settings=\"{&quot;wcf_text_animation&quot;:&quot;text_move&quot;,&quot;text_transform_origin&quot;:&quot;top center -50&quot;,&quot;wcf_starter_animations&quot;:&quot;none&quot;,&quot;wcf_anim_duration&quot;:1000,&quot;wcf_anim_delay&quot;:0,&quot;wcf_anim_ease&quot;:&quot;ease&quot;,&quot;aae_text_trigger&quot;:&quot;on_scroll&quot;,&quot;text_delay&quot;:0.15,&quot;text_duration&quot;:1,&quot;text_stagger&quot;:0.02,&quot;text_rotation_di&quot;:&quot;x&quot;,&quot;text_rotation&quot;:&quot;-80&quot;,&quot;wcf-animation&quot;:&quot;none&quot;}\" data-widget_type=\"wcf--text.default\">\n\t\t\t\t<div class=\"elementor-widget-container\">\n\t\t\t\t\t<div class=\"wcf--text\">La energ\u00eda e\u00f3lica offshore sector requiere agilidad y la resistencia a navegar los r\u00e1pidos cambios del mercado y el aumento de la complejidad operativa. Una organizaci\u00f3n se enfrent\u00f3 al reto de gran escala, cultural y transformaci\u00f3n operativa en el Sector de la Energ\u00eda E\u00f3lica Offshore. El equipo de gesti\u00f3n necesarias para mejorar la alineaci\u00f3n estrat\u00e9gica, abrazar una cultura de liderazgo cohesivo, y permitir a los equipos de responder r\u00e1pida y eficazmente a las demandas del mercado. Adem\u00e1s, es esencial para integrar una visi\u00f3n compartida por toda la organizaci\u00f3n para asegurar el \u00e9xito de esta transformaci\u00f3n.\n\n<\/div>\t\t\t\t<\/div>\n\t\t\t\t<\/div>\n\t\t\t\t<div class=\"elementor-element elementor-element-41278ec wcf-t-animation-text_move wcf-starter-animations-none elementor-widget elementor-widget-wcf--text\" data-id=\"41278ec\" data-element_type=\"widget\" data-e-type=\"widget\" data-settings=\"{&quot;wcf_text_animation&quot;:&quot;text_move&quot;,&quot;text_transform_origin&quot;:&quot;top center -50&quot;,&quot;wcf_starter_animations&quot;:&quot;none&quot;,&quot;wcf_anim_duration&quot;:1000,&quot;wcf_anim_delay&quot;:0,&quot;wcf_anim_ease&quot;:&quot;ease&quot;,&quot;aae_text_trigger&quot;:&quot;on_scroll&quot;,&quot;text_delay&quot;:0.15,&quot;text_duration&quot;:1,&quot;text_stagger&quot;:0.02,&quot;text_rotation_di&quot;:&quot;x&quot;,&quot;text_rotation&quot;:&quot;-80&quot;,&quot;wcf-animation&quot;:&quot;none&quot;}\" data-widget_type=\"wcf--text.default\">\n\t\t\t\t<div class=\"elementor-widget-container\">\n\t\t\t\t\t<div class=\"wcf--text\">Leerpad.com desarrollado un programa completo de desarrollo, espec\u00edficamente dise\u00f1ado para contribuir a la transformaci\u00f3n en el Sector de la Energ\u00eda E\u00f3lica Offshore. El programa fue totalmente adaptados a las necesidades de la organizaci\u00f3n y se centra en el equipo de gesti\u00f3n y los 30 mejores embajadores culturales. Estos l\u00edderes jugado un papel clave en la orientaci\u00f3n de la transformaci\u00f3n y la difusi\u00f3n de la nueva visi\u00f3n a trav\u00e9s de la organizaci\u00f3n. Nuestro \u00fanico enfoque incluyen:\n\n<\/div>\t\t\t\t<\/div>\n\t\t\t\t<\/div>\n\t\t\t\t<div class=\"elementor-element elementor-element-be2903c wcf-starter-animations-none elementor-widget elementor-widget-wcf--image\" data-id=\"be2903c\" data-element_type=\"widget\" data-e-type=\"widget\" data-settings=\"{&quot;wcf-image-animation&quot;:&quot;reveal&quot;,&quot;wcf_starter_animations&quot;:&quot;none&quot;,&quot;wcf_anim_duration&quot;:1000,&quot;wcf_anim_delay&quot;:0,&quot;wcf_anim_ease&quot;:&quot;ease&quot;,&quot;aae_a_start_from&quot;:&quot;right&quot;,&quot;wcf-animation-start&quot;:&quot;top center&quot;,&quot;image-ease&quot;:&quot;power2.out&quot;,&quot;wcf-animation&quot;:&quot;none&quot;}\" data-widget_type=\"wcf--image.default\">\n\t\t\t\t<div class=\"elementor-widget-container\">\n\t\t\t\t\t\t\t<div class=\"wcf--image\">\r\n\t\t\t\t\t\t\t<img decoding=\"async\" width=\"800\" height=\"450\" src=\"https:\/\/leerpad.com\/wp-content\/uploads\/2025\/01\/Bedrijfstraining-voor-de-Energie-en-Duurzaamheid_-1024x576.png\" class=\"attachment-large size-large wp-image-39406\" alt=\"\" srcset=\"https:\/\/leerpad.com\/wp-content\/uploads\/2025\/01\/Bedrijfstraining-voor-de-Energie-en-Duurzaamheid_-1024x576.png 1024w, https:\/\/leerpad.com\/wp-content\/uploads\/2025\/01\/Bedrijfstraining-voor-de-Energie-en-Duurzaamheid_-300x169.png 300w, https:\/\/leerpad.com\/wp-content\/uploads\/2025\/01\/Bedrijfstraining-voor-de-Energie-en-Duurzaamheid_-768x432.png 768w, https:\/\/leerpad.com\/wp-content\/uploads\/2025\/01\/Bedrijfstraining-voor-de-Energie-en-Duurzaamheid_-1536x864.png 1536w, https:\/\/leerpad.com\/wp-content\/uploads\/2025\/01\/Bedrijfstraining-voor-de-Energie-en-Duurzaamheid_-18x10.png 18w, https:\/\/leerpad.com\/wp-content\/uploads\/2025\/01\/Bedrijfstraining-voor-de-Energie-en-Duurzaamheid_-624x351.png 624w, https:\/\/leerpad.com\/wp-content\/uploads\/2025\/01\/Bedrijfstraining-voor-de-Energie-en-Duurzaamheid_.webp 1920w\" sizes=\"(max-width: 800px) 100vw, 800px\" \/>\t\t\t\t\t\t<\/div>\r\n\t\t\t\t\t\t<\/div>\n\t\t\t\t<\/div>\n\t\t\t\t<div class=\"elementor-element elementor-element-d9072e4 elementor-widget__width-initial wcf-t-animation-text_move elementor-widget-mobile__width-inherit wcf-starter-animations-none elementor-widget elementor-widget-wcf--title\" data-id=\"d9072e4\" data-element_type=\"widget\" data-e-type=\"widget\" data-settings=\"{&quot;wcf_text_animation&quot;:&quot;text_move&quot;,&quot;text_transform_origin&quot;:&quot;top center -50&quot;,&quot;wcf_starter_animations&quot;:&quot;none&quot;,&quot;wcf_anim_duration&quot;:1000,&quot;wcf_anim_delay&quot;:0,&quot;wcf_anim_ease&quot;:&quot;ease&quot;,&quot;aae_text_trigger&quot;:&quot;on_scroll&quot;,&quot;text_delay&quot;:0.15,&quot;text_duration&quot;:1,&quot;text_stagger&quot;:0.02,&quot;text_rotation_di&quot;:&quot;x&quot;,&quot;text_rotation&quot;:&quot;-80&quot;,&quot;wcf-animation&quot;:&quot;none&quot;}\" data-widget_type=\"wcf--title.default\">\n\t\t\t\t<div class=\"elementor-widget-container\">\n\t\t\t\t\t<h2 class=\"wcf--title\">Enfoque \u00fanico<\/h2>\t\t\t\t<\/div>\n\t\t\t\t<\/div>\n\t\t\t\t<div class=\"elementor-element elementor-element-2ae30c9 wcf-t-animation-text_move wcf-starter-animations-none elementor-widget elementor-widget-wcf--text\" data-id=\"2ae30c9\" data-element_type=\"widget\" data-e-type=\"widget\" data-settings=\"{&quot;wcf_text_animation&quot;:&quot;text_move&quot;,&quot;text_transform_origin&quot;:&quot;top center -50&quot;,&quot;wcf_starter_animations&quot;:&quot;none&quot;,&quot;wcf_anim_duration&quot;:1000,&quot;wcf_anim_delay&quot;:0,&quot;wcf_anim_ease&quot;:&quot;ease&quot;,&quot;aae_text_trigger&quot;:&quot;on_scroll&quot;,&quot;text_delay&quot;:0.15,&quot;text_duration&quot;:1,&quot;text_stagger&quot;:0.02,&quot;text_rotation_di&quot;:&quot;x&quot;,&quot;text_rotation&quot;:&quot;-80&quot;,&quot;wcf-animation&quot;:&quot;none&quot;}\" data-widget_type=\"wcf--text.default\">\n\t\t\t\t<div class=\"elementor-widget-container\">\n\t\t\t\t\t<div class=\"wcf--text\"><p>En Leerpad.com creemos que la transformaci\u00f3n sostenible, como se requiere en la transformaci\u00f3n en el sector de la energ\u00eda e\u00f3lica Offshore, comienza con la comprensi\u00f3n y la alineaci\u00f3n individual y de equipo creencias. Por ayudar a los l\u00edderes a reconocer y aprovechar sus motivadores intr\u00ednsecos, creamos las v\u00edas naturales y el cambio permanente.<\/p><p>Esta creencia basada en el enfoque permiti\u00f3 a los equipos aut\u00e9nticamente navegar retos, alineando el crecimiento personal con el \u00e9xito de la organizaci\u00f3n. Este proyecto muestra c\u00f3mo una medida, estrategia persuasiva puede conducir cultural profundo y cambio operacional, estableciendo una base s\u00f3lida para la Excelencia Sostenible en una industria competitiva.<\/p><\/div>\t\t\t\t<\/div>\n\t\t\t\t<\/div>\n\t\t\t\t<\/div>\n\t\t<div class=\"elementor-element elementor-element-66f9ff2 e-con-full e-flex wcf-starter-animations-none e-con e-child\" data-id=\"66f9ff2\" data-element_type=\"container\" data-e-type=\"container\" data-settings=\"{&quot;wcf_enable_cursor_hover_effect_text&quot;:&quot;View&quot;,&quot;wcf_enable_pin_area&quot;:&quot;yes&quot;,&quot;wcf_enable_pin_area_tablet&quot;:&quot;yes&quot;,&quot;wcf_enable_pin_area_mobile&quot;:&quot;no&quot;,&quot;wcf-animation&quot;:&quot;none&quot;,&quot;wcf_pin_end_trigger_type&quot;:&quot;default&quot;,&quot;wcf_pin_status&quot;:&quot;true&quot;,&quot;wcf_pin_area_start&quot;:&quot;top top&quot;,&quot;wcf_pin_area_end&quot;:&quot;bottom bottom&quot;,&quot;wcf_pin_spacing&quot;:&quot;false&quot;,&quot;wcf_pin_markers&quot;:&quot;false&quot;,&quot;aae_enable_header_sticky_area&quot;:&quot;no&quot;}\">\n\t\t<div class=\"aae-disable-transition elementor-element elementor-element-98d7f5a e-con-full e-flex wcf-starter-animations-none e-con e-child\" data-id=\"98d7f5a\" data-element_type=\"container\" data-e-type=\"container\" data-settings=\"{&quot;background_background&quot;:&quot;classic&quot;,&quot;wcf-animation&quot;:&quot;fade&quot;,&quot;wcf_enable_cursor_hover_effect_text&quot;:&quot;View&quot;,&quot;wcf_enable_pin_area&quot;:&quot;no&quot;,&quot;wcf_enable_pin_area_tablet&quot;:&quot;no&quot;,&quot;aae_method&quot;:&quot;from&quot;,&quot;aae_trigger&quot;:&quot;on_scroll&quot;,&quot;delay&quot;:0.15,&quot;fade-from&quot;:&quot;bottom&quot;,&quot;data-duration&quot;:1.5,&quot;ease&quot;:&quot;power2.out&quot;,&quot;fade-offset&quot;:50,&quot;aae_enable_header_sticky_area&quot;:&quot;no&quot;}\">\n\t\t\t\t<div class=\"elementor-element elementor-element-2cc163a wcf-starter-animations-none wcf-t-animation-none elementor-widget elementor-widget-wcf--title\" data-id=\"2cc163a\" data-element_type=\"widget\" data-e-type=\"widget\" data-settings=\"{&quot;wcf_starter_animations&quot;:&quot;none&quot;,&quot;wcf_anim_duration&quot;:1000,&quot;wcf_anim_delay&quot;:0,&quot;wcf_anim_ease&quot;:&quot;ease&quot;,&quot;wcf_text_animation&quot;:&quot;none&quot;,&quot;wcf-animation&quot;:&quot;none&quot;}\" data-widget_type=\"wcf--title.default\">\n\t\t\t\t<div class=\"elementor-widget-container\">\n\t\t\t\t\t<h4 class=\"wcf--title\">El fortalecimiento de la eficacia de su equipo<\/h4>\t\t\t\t<\/div>\n\t\t\t\t<\/div>\n\t\t\t\t<div class=\"elementor-element elementor-element-07cb956 elementor-icon-list--layout-traditional elementor-list-item-link-full_width elementor-widget elementor-widget-icon-list\" data-id=\"07cb956\" data-element_type=\"widget\" data-e-type=\"widget\" data-settings=\"{&quot;wcf-animation&quot;:&quot;none&quot;}\" data-widget_type=\"icon-list.default\">\n\t\t\t\t<div class=\"elementor-widget-container\">\n\t\t\t\t\t\t\t<ul class=\"elementor-icon-list-items\">\n\t\t\t\t\t\t\t<li class=\"elementor-icon-list-item\">\n\t\t\t\t\t\t\t\t\t\t<span class=\"elementor-icon-list-text\">Mejora de la comunicaci\u00f3n, la construcci\u00f3n de confianza, y aprovechando el equipo de las fortalezas de los miembros para apoyar los objetivos de la organizaci\u00f3n.<\/span>\n\t\t\t\t\t\t\t\t\t<\/li>\n\t\t\t\t\t\t<\/ul>\n\t\t\t\t\t\t<\/div>\n\t\t\t\t<\/div>\n\t\t\t\t<div class=\"elementor-element elementor-element-bc95cf2 elementor-widget-divider--view-line elementor-widget elementor-widget-divider\" data-id=\"bc95cf2\" data-element_type=\"widget\" data-e-type=\"widget\" data-settings=\"{&quot;wcf-animation&quot;:&quot;none&quot;}\" data-widget_type=\"divider.default\">\n\t\t\t\t<div class=\"elementor-widget-container\">\n\t\t\t\t\t\t\t<div class=\"elementor-divider\">\n\t\t\t<span class=\"elementor-divider-separator\">\n\t\t\t\t\t\t<\/span>\n\t\t<\/div>\n\t\t\t\t\t\t<\/div>\n\t\t\t\t<\/div>\n\t\t\t\t<div class=\"elementor-element elementor-element-388bf90 wcf-starter-animations-none wcf-t-animation-none elementor-widget elementor-widget-wcf--title\" data-id=\"388bf90\" data-element_type=\"widget\" data-e-type=\"widget\" data-settings=\"{&quot;wcf_starter_animations&quot;:&quot;none&quot;,&quot;wcf_anim_duration&quot;:1000,&quot;wcf_anim_delay&quot;:0,&quot;wcf_anim_ease&quot;:&quot;ease&quot;,&quot;wcf_text_animation&quot;:&quot;none&quot;,&quot;wcf-animation&quot;:&quot;none&quot;}\" data-widget_type=\"wcf--title.default\">\n\t\t\t\t<div class=\"elementor-widget-container\">\n\t\t\t\t\t<h4 class=\"wcf--title\">El uso de la persuasi\u00f3n de los sistemas de<\/h4>\t\t\t\t<\/div>\n\t\t\t\t<\/div>\n\t\t\t\t<div class=\"elementor-element elementor-element-626393c elementor-icon-list--layout-traditional elementor-list-item-link-full_width elementor-widget elementor-widget-icon-list\" data-id=\"626393c\" data-element_type=\"widget\" data-e-type=\"widget\" data-settings=\"{&quot;wcf-animation&quot;:&quot;none&quot;}\" data-widget_type=\"icon-list.default\">\n\t\t\t\t<div class=\"elementor-widget-container\">\n\t\t\t\t\t\t\t<ul class=\"elementor-icon-list-items\">\n\t\t\t\t\t\t\t<li class=\"elementor-icon-list-item\">\n\t\t\t\t\t\t\t\t\t\t<span class=\"elementor-icon-list-text\">El desarrollo de la conciencia individual y colectiva de creencias inconscientes que influyen en la colaboraci\u00f3n y la toma de decisiones. Este enfoque alienta un compromiso aut\u00e9ntico y natural de desarrollo de habilidades.<\/span>\n\t\t\t\t\t\t\t\t\t<\/li>\n\t\t\t\t\t\t<\/ul>\n\t\t\t\t\t\t<\/div>\n\t\t\t\t<\/div>\n\t\t\t\t<div class=\"elementor-element elementor-element-01ae579 elementor-widget-divider--view-line elementor-widget elementor-widget-divider\" data-id=\"01ae579\" data-element_type=\"widget\" data-e-type=\"widget\" data-settings=\"{&quot;wcf-animation&quot;:&quot;none&quot;}\" data-widget_type=\"divider.default\">\n\t\t\t\t<div class=\"elementor-widget-container\">\n\t\t\t\t\t\t\t<div class=\"elementor-divider\">\n\t\t\t<span class=\"elementor-divider-separator\">\n\t\t\t\t\t\t<\/span>\n\t\t<\/div>\n\t\t\t\t\t\t<\/div>\n\t\t\t\t<\/div>\n\t\t\t\t<div class=\"elementor-element elementor-element-c0dd62e wcf-starter-animations-none wcf-t-animation-none elementor-widget elementor-widget-wcf--title\" data-id=\"c0dd62e\" data-element_type=\"widget\" data-e-type=\"widget\" data-settings=\"{&quot;wcf_starter_animations&quot;:&quot;none&quot;,&quot;wcf_anim_duration&quot;:1000,&quot;wcf_anim_delay&quot;:0,&quot;wcf_anim_ease&quot;:&quot;ease&quot;,&quot;wcf_text_animation&quot;:&quot;none&quot;,&quot;wcf-animation&quot;:&quot;none&quot;}\" data-widget_type=\"wcf--title.default\">\n\t\t\t\t<div class=\"elementor-widget-container\">\n\t\t\t\t\t<h4 class=\"wcf--title\">Resultado<\/h4>\t\t\t\t<\/div>\n\t\t\t\t<\/div>\n\t\t\t\t<div class=\"elementor-element elementor-element-91b4f2a elementor-icon-list--layout-traditional elementor-list-item-link-full_width elementor-widget elementor-widget-icon-list\" data-id=\"91b4f2a\" data-element_type=\"widget\" data-e-type=\"widget\" data-settings=\"{&quot;wcf-animation&quot;:&quot;none&quot;}\" data-widget_type=\"icon-list.default\">\n\t\t\t\t<div class=\"elementor-widget-container\">\n\t\t\t\t\t\t\t<ul class=\"elementor-icon-list-items\">\n\t\t\t\t\t\t\t<li class=\"elementor-icon-list-item\">\n\t\t\t\t\t\t\t\t\t\t\t<span class=\"elementor-icon-list-icon\">\n\t\t\t\t\t\t\t<i aria-hidden=\"true\" class=\"icon_check_alt2\"><\/i>\t\t\t\t\t\t<\/span>\n\t\t\t\t\t\t\t\t\t\t<span class=\"elementor-icon-list-text\">Mejora de la comunicaci\u00f3n del equipo<\/span>\n\t\t\t\t\t\t\t\t\t<\/li>\n\t\t\t\t\t\t\t\t<li class=\"elementor-icon-list-item\">\n\t\t\t\t\t\t\t\t\t\t\t<span class=\"elementor-icon-list-icon\">\n\t\t\t\t\t\t\t<i aria-hidden=\"true\" class=\"icon_check_alt2\"><\/i>\t\t\t\t\t\t<\/span>\n\t\t\t\t\t\t\t\t\t\t<span class=\"elementor-icon-list-text\">Optimizado talento utilizaci\u00f3n<\/span>\n\t\t\t\t\t\t\t\t\t<\/li>\n\t\t\t\t\t\t\t\t<li class=\"elementor-icon-list-item\">\n\t\t\t\t\t\t\t\t\t\t\t<span class=\"elementor-icon-list-icon\">\n\t\t\t\t\t\t\t<i aria-hidden=\"true\" class=\"icon_check_alt2\"><\/i>\t\t\t\t\t\t<\/span>\n\t\t\t\t\t\t\t\t\t\t<span class=\"elementor-icon-list-text\">Mayor propiedad<\/span>\n\t\t\t\t\t\t\t\t\t<\/li>\n\t\t\t\t\t\t\t\t<li class=\"elementor-icon-list-item\">\n\t\t\t\t\t\t\t\t\t\t\t<span class=\"elementor-icon-list-icon\">\n\t\t\t\t\t\t\t<i aria-hidden=\"true\" class=\"icon_check_alt2\"><\/i>\t\t\t\t\t\t<\/span>\n\t\t\t\t\t\t\t\t\t\t<span class=\"elementor-icon-list-text\">Transformaci\u00f3n Cultural<\/span>\n\t\t\t\t\t\t\t\t\t<\/li>\n\t\t\t\t\t\t<\/ul>\n\t\t\t\t\t\t<\/div>\n\t\t\t\t<\/div>\n\t\t\t\t<\/div>\n\t\t\t\t<\/div>\n\t\t\t\t\t<\/div>\n\t\t\t\t<\/div>\n\t\t\t\t<\/div>","protected":false},"excerpt":{"rendered":"<p>Transformatie in de Offshore Windenergiesector Een leiderschap leerpad die transformatie realiseert in de offshore windenergiesector. De offshore windenergiesector vereist wendbaarheid en veerkracht om te navigeren door snelle marktveranderingen en toenemende operationele complexiteit. Een organisatie stond voor de uitdaging van een grootschalige culturele en operationele transformatie in de Offshore Windenergiesector. Het managementteam moest strategische afstemming verbeteren, [&hellip;]<\/p>\n","protected":false},"author":224244682,"featured_media":39423,"parent":1989,"menu_order":12,"comment_status":"closed","ping_status":"closed","template":"","meta":{"_acf_changed":false,"_crdt_document":"","footnotes":""},"class_list":["post-2486","page","type-page","status-publish","has-post-thumbnail","hentry"],"acf":[],"_links":{"self":[{"href":"https:\/\/leerpad.com\/es\/wp-json\/wp\/v2\/pages\/2486","targetHints":{"allow":["GET"]}}],"collection":[{"href":"https:\/\/leerpad.com\/es\/wp-json\/wp\/v2\/pages"}],"about":[{"href":"https:\/\/leerpad.com\/es\/wp-json\/wp\/v2\/types\/page"}],"author":[{"embeddable":true,"href":"https:\/\/leerpad.com\/es\/wp-json\/wp\/v2\/users\/224244682"}],"replies":[{"embeddable":true,"href":"https:\/\/leerpad.com\/es\/wp-json\/wp\/v2\/comments?post=2486"}],"version-history":[{"count":0,"href":"https:\/\/leerpad.com\/es\/wp-json\/wp\/v2\/pages\/2486\/revisions"}],"up":[{"embeddable":true,"href":"https:\/\/leerpad.com\/es\/wp-json\/wp\/v2\/pages\/1989"}],"wp:featuredmedia":[{"embeddable":true,"href":"https:\/\/leerpad.com\/es\/wp-json\/wp\/v2\/media\/39423"}],"wp:attachment":[{"href":"https:\/\/leerpad.com\/es\/wp-json\/wp\/v2\/media?parent=2486"}],"curies":[{"name":"wp","href":"https:\/\/api.w.org\/{rel}","templated":true}]}}