{"id":2532,"date":"2024-12-03T10:37:45","date_gmt":"2024-12-03T09:37:45","guid":{"rendered":"https:\/\/leerpad.com\/?page_id=2532"},"modified":"2026-03-14T15:57:48","modified_gmt":"2026-03-14T14:57:48","slug":"versterken-vaardigheden-ziekenhuis","status":"publish","type":"page","link":"https:\/\/leerpad.com\/es\/use-cases\/versterken-vaardigheden-ziekenhuis\/","title":{"rendered":"Fortalecimiento de habilidades en el hospital"},"content":{"rendered":"<div data-elementor-type=\"wp-page\" data-elementor-id=\"2532\" class=\"elementor elementor-2532\" data-elementor-post-type=\"page\">\n\t\t\t\t<div class=\"elementor-element elementor-element-d19ab1c e-con-full e-flex wcf-starter-animations-none e-con e-parent\" data-id=\"d19ab1c\" data-element_type=\"container\" data-e-type=\"container\" data-settings=\"{&quot;wcf_enable_cursor_hover_effect_text&quot;:&quot;View&quot;,&quot;background_background&quot;:&quot;classic&quot;,&quot;wcf-animation&quot;:&quot;none&quot;,&quot;wcf_enable_pin_area&quot;:&quot;no&quot;,&quot;aae_enable_header_sticky_area&quot;:&quot;no&quot;}\">\n\t\t<div class=\"elementor-element elementor-element-9cd6392 e-flex e-con-boxed wcf-starter-animations-none e-con e-child\" data-id=\"9cd6392\" data-element_type=\"container\" data-e-type=\"container\" data-settings=\"{&quot;wcf_enable_cursor_hover_effect_text&quot;:&quot;View&quot;,&quot;wcf-animation&quot;:&quot;none&quot;,&quot;wcf_enable_pin_area&quot;:&quot;no&quot;,&quot;aae_enable_header_sticky_area&quot;:&quot;no&quot;}\">\n\t\t\t\t\t<div class=\"e-con-inner\">\n\t\t\t\t<div class=\"elementor-element elementor-element-8ae0378 elementor-widget__width-initial wcf-t-animation-word elementor-widget-mobile__width-inherit wcf-starter-animations-none elementor-widget elementor-widget-wcf--title\" data-id=\"8ae0378\" data-element_type=\"widget\" data-e-type=\"widget\" data-settings=\"{&quot;wcf_text_animation&quot;:&quot;word&quot;,&quot;wcf_text_animation_editor&quot;:&quot;yes&quot;,&quot;wcf_starter_animations&quot;:&quot;none&quot;,&quot;wcf_anim_duration&quot;:1000,&quot;wcf_anim_delay&quot;:0,&quot;wcf_anim_ease&quot;:&quot;ease&quot;,&quot;aae_text_trigger&quot;:&quot;on_scroll&quot;,&quot;text_delay&quot;:0.15,&quot;text_duration&quot;:1,&quot;text_stagger&quot;:0.02,&quot;text_translate_x&quot;:20,&quot;text_translate_y&quot;:0,&quot;wcf-animation&quot;:&quot;none&quot;}\" data-widget_type=\"wcf--title.default\">\n\t\t\t\t<div class=\"elementor-widget-container\">\n\t\t\t\t\t<h1 class=\"wcf--title\">Fortalecimiento de habilidades en el hospital<\/h1>\t\t\t\t<\/div>\n\t\t\t\t<\/div>\n\t\t\t\t\t<\/div>\n\t\t\t\t<\/div>\n\t\t<div class=\"elementor-element elementor-element-965b4d0 e-con-full e-flex wcf-starter-animations-none e-con e-child\" data-id=\"965b4d0\" data-element_type=\"container\" data-e-type=\"container\" data-settings=\"{&quot;wcf_enable_cursor_hover_effect_text&quot;:&quot;View&quot;,&quot;wcf-animation&quot;:&quot;none&quot;,&quot;wcf_enable_pin_area&quot;:&quot;no&quot;,&quot;aae_enable_header_sticky_area&quot;:&quot;no&quot;}\">\n\t\t\t\t<div data-speed=\"0.9\" class=\"elementor-element elementor-element-fd7e71c wcf-starter-animations-none elementor-widget elementor-widget-wcf--image\" data-id=\"fd7e71c\" data-element_type=\"widget\" data-e-type=\"widget\" data-settings=\"{&quot;wcf-image-animation&quot;:&quot;reveal&quot;,&quot;aae_a_start_from&quot;:&quot;bottom&quot;,&quot;wcf-animation-start&quot;:&quot;top bottom&quot;,&quot;image-ease&quot;:&quot;slowmo&quot;,&quot;wcf_img_animation_editor&quot;:&quot;yes&quot;,&quot;wcf_starter_animations&quot;:&quot;none&quot;,&quot;wcf_anim_duration&quot;:1000,&quot;wcf_anim_delay&quot;:0,&quot;wcf_anim_ease&quot;:&quot;ease&quot;,&quot;wcf-animation&quot;:&quot;none&quot;}\" data-widget_type=\"wcf--image.default\">\n\t\t\t\t<div class=\"elementor-widget-container\">\n\t\t\t\t\t\t\t<div class=\"wcf--image\">\r\n\t\t\t\t\t\t\t<img fetchpriority=\"high\" decoding=\"async\" width=\"4928\" height=\"3280\" src=\"https:\/\/leerpad.com\/wp-content\/uploads\/2026\/01\/group-of-doctors-standing-on-conference-medical-t-2026-01-05-06-17-03-utc.jpg\" class=\"attachment-full size-full wp-image-63186\" alt=\"\" srcset=\"https:\/\/leerpad.com\/wp-content\/uploads\/2026\/01\/group-of-doctors-standing-on-conference-medical-t-2026-01-05-06-17-03-utc.jpg 4928w, https:\/\/leerpad.com\/wp-content\/uploads\/2026\/01\/group-of-doctors-standing-on-conference-medical-t-2026-01-05-06-17-03-utc-300x200.jpg 300w, https:\/\/leerpad.com\/wp-content\/uploads\/2026\/01\/group-of-doctors-standing-on-conference-medical-t-2026-01-05-06-17-03-utc-1024x682.jpg 1024w, https:\/\/leerpad.com\/wp-content\/uploads\/2026\/01\/group-of-doctors-standing-on-conference-medical-t-2026-01-05-06-17-03-utc-768x511.jpg 768w, https:\/\/leerpad.com\/wp-content\/uploads\/2026\/01\/group-of-doctors-standing-on-conference-medical-t-2026-01-05-06-17-03-utc-1536x1022.jpg 1536w, https:\/\/leerpad.com\/wp-content\/uploads\/2026\/01\/group-of-doctors-standing-on-conference-medical-t-2026-01-05-06-17-03-utc-2048x1363.jpg 2048w\" sizes=\"(max-width: 4928px) 100vw, 4928px\" \/>\t\t\t\t\t\t<\/div>\r\n\t\t\t\t\t\t<\/div>\n\t\t\t\t<\/div>\n\t\t\t\t<\/div>\n\t\t\t\t<\/div>\n\t\t<div class=\"elementor-element elementor-element-4728a2f e-flex e-con-boxed wcf-starter-animations-none e-con e-parent\" data-id=\"4728a2f\" data-element_type=\"container\" data-e-type=\"container\" data-settings=\"{&quot;wcf_enable_cursor_hover_effect_text&quot;:&quot;View&quot;,&quot;background_background&quot;:&quot;classic&quot;,&quot;wcf-animation&quot;:&quot;none&quot;,&quot;wcf_enable_pin_area&quot;:&quot;no&quot;,&quot;aae_enable_header_sticky_area&quot;:&quot;no&quot;}\">\n\t\t\t\t\t<div class=\"e-con-inner\">\n\t\t<div class=\"elementor-element elementor-element-b202bc6 e-con-full e-flex wcf-starter-animations-none e-con e-child\" data-id=\"b202bc6\" data-element_type=\"container\" data-e-type=\"container\" data-settings=\"{&quot;wcf_enable_cursor_hover_effect_text&quot;:&quot;View&quot;,&quot;wcf-animation&quot;:&quot;none&quot;,&quot;wcf_enable_pin_area&quot;:&quot;no&quot;,&quot;aae_enable_header_sticky_area&quot;:&quot;no&quot;}\">\n\t\t\t\t<div class=\"elementor-element elementor-element-9e582ad elementor-widget__width-initial wcf-t-animation-text_invert elementor-widget-mobile__width-inherit wcf-starter-animations-none elementor-widget elementor-widget-wcf--title\" data-id=\"9e582ad\" data-element_type=\"widget\" data-e-type=\"widget\" data-settings=\"{&quot;wcf_text_animation&quot;:&quot;text_invert&quot;,&quot;aae_anim_invert_s&quot;:&quot;top 85%&quot;,&quot;aae_anim_invert_e&quot;:&quot;bottom center&quot;,&quot;wcf_starter_animations&quot;:&quot;none&quot;,&quot;wcf_anim_duration&quot;:1000,&quot;wcf_anim_delay&quot;:0,&quot;wcf_anim_ease&quot;:&quot;ease&quot;,&quot;wcf-animation&quot;:&quot;none&quot;}\" data-widget_type=\"wcf--title.default\">\n\t\t\t\t<div class=\"elementor-widget-container\">\n\t\t\t\t\t<h2 class=\"wcf--title\">Un programa que fortalece las habilidades en el entorno hospitalario<\/h2>\t\t\t\t<\/div>\n\t\t\t\t<\/div>\n\t\t\t\t<div class=\"elementor-element elementor-element-489aaac wcf-t-animation-text_move wcf-starter-animations-none elementor-widget elementor-widget-wcf--text\" data-id=\"489aaac\" data-element_type=\"widget\" data-e-type=\"widget\" data-settings=\"{&quot;wcf_text_animation&quot;:&quot;text_move&quot;,&quot;text_transform_origin&quot;:&quot;top center -50&quot;,&quot;wcf_starter_animations&quot;:&quot;none&quot;,&quot;wcf_anim_duration&quot;:1000,&quot;wcf_anim_delay&quot;:0,&quot;wcf_anim_ease&quot;:&quot;ease&quot;,&quot;aae_text_trigger&quot;:&quot;on_scroll&quot;,&quot;text_delay&quot;:0.15,&quot;text_duration&quot;:1,&quot;text_stagger&quot;:0.02,&quot;text_rotation_di&quot;:&quot;x&quot;,&quot;text_rotation&quot;:&quot;-80&quot;,&quot;wcf-animation&quot;:&quot;none&quot;}\" data-widget_type=\"wcf--text.default\">\n\t\t\t\t<div class=\"elementor-widget-container\">\n\t\t\t\t\t<div class=\"wcf--text\"><p class=\"p1\">El hospital se enfrent\u00f3 al reto de comunicar el valor a\u00f1adido de su organizaci\u00f3n con m\u00e1s claridad en las discusiones con las partes externas. Desarrolladores de negocios juegan un papel crucial en esto, pero algunos empleados de la experiencia de barreras en la auto-confianza y la persuasi\u00f3n. Adem\u00e1s, a veces hay una falta de un enfoque coherente en el comercial de las conversaciones, lo que puede conducir a la p\u00e9rdida de oportunidades.<\/p><p class=\"p1\">Con un proceso orientado al fortalecimiento de las habilidades en el hospital, la organizaci\u00f3n quiere ayudar a los empleados a operar de manera m\u00e1s eficaz y impactly. Esto les permite no s\u00f3lo convincente de transmitir el valor de el hospital, sino tambi\u00e9n para ser visto como la igualdad de los interlocutores. En \u00faltima instancia, esto contribuye a una mejor atenci\u00f3n para los pacientes y mantener la posici\u00f3n de liderazgo del hospital.<\/p><\/div>\t\t\t\t<\/div>\n\t\t\t\t<\/div>\n\t\t\t\t<div class=\"elementor-element elementor-element-0b3781b wcf-t-animation-text_move wcf-starter-animations-none elementor-widget elementor-widget-wcf--text\" data-id=\"0b3781b\" data-element_type=\"widget\" data-e-type=\"widget\" data-settings=\"{&quot;wcf_text_animation&quot;:&quot;text_move&quot;,&quot;text_transform_origin&quot;:&quot;top center -50&quot;,&quot;wcf_starter_animations&quot;:&quot;none&quot;,&quot;wcf_anim_duration&quot;:1000,&quot;wcf_anim_delay&quot;:0,&quot;wcf_anim_ease&quot;:&quot;ease&quot;,&quot;aae_text_trigger&quot;:&quot;on_scroll&quot;,&quot;text_delay&quot;:0.15,&quot;text_duration&quot;:1,&quot;text_stagger&quot;:0.02,&quot;text_rotation_di&quot;:&quot;x&quot;,&quot;text_rotation&quot;:&quot;-80&quot;,&quot;wcf-animation&quot;:&quot;none&quot;}\" data-widget_type=\"wcf--text.default\">\n\t\t\t\t<div class=\"elementor-widget-container\">\n\t\t\t\t\t<div class=\"wcf--text\"><p>Leerpad.com desarrollado una pista destinada al fortalecimiento de las habilidades en el hospital, con un enfoque en la Efectividad Personal y de las habilidades de comunicaci\u00f3n de los Desarrolladores de Negocios. El m\u00e9todo se centra en el aumento de la auto-confianza y la capacidad para participar de manera convincente y \u00fatil con los clientes y socios.<\/p><\/div>\t\t\t\t<\/div>\n\t\t\t\t<\/div>\n\t\t\t\t<div class=\"elementor-element elementor-element-9df1d3b wcf-starter-animations-none elementor-widget elementor-widget-wcf--image\" data-id=\"9df1d3b\" data-element_type=\"widget\" data-e-type=\"widget\" data-settings=\"{&quot;wcf-image-animation&quot;:&quot;reveal&quot;,&quot;wcf_starter_animations&quot;:&quot;none&quot;,&quot;wcf_anim_duration&quot;:1000,&quot;wcf_anim_delay&quot;:0,&quot;wcf_anim_ease&quot;:&quot;ease&quot;,&quot;aae_a_start_from&quot;:&quot;right&quot;,&quot;wcf-animation-start&quot;:&quot;top center&quot;,&quot;image-ease&quot;:&quot;power2.out&quot;,&quot;wcf-animation&quot;:&quot;none&quot;}\" data-widget_type=\"wcf--image.default\">\n\t\t\t\t<div class=\"elementor-widget-container\">\n\t\t\t\t\t\t\t<div class=\"wcf--image\">\r\n\t\t\t\t\t\t\t<img decoding=\"async\" width=\"800\" height=\"534\" src=\"https:\/\/leerpad.com\/wp-content\/uploads\/2026\/01\/smiling-nurse-wearing-a-medical-uniform-with-badge-2025-03-07-15-03-13-utc-1024x683.jpg\" class=\"attachment-large size-large wp-image-63187\" alt=\"Use case Leerpad.com Versterken vaardigheden ziekenhuis\" srcset=\"https:\/\/leerpad.com\/wp-content\/uploads\/2026\/01\/smiling-nurse-wearing-a-medical-uniform-with-badge-2025-03-07-15-03-13-utc-1024x683.jpg 1024w, https:\/\/leerpad.com\/wp-content\/uploads\/2026\/01\/smiling-nurse-wearing-a-medical-uniform-with-badge-2025-03-07-15-03-13-utc-300x200.jpg 300w, https:\/\/leerpad.com\/wp-content\/uploads\/2026\/01\/smiling-nurse-wearing-a-medical-uniform-with-badge-2025-03-07-15-03-13-utc-768x512.jpg 768w, https:\/\/leerpad.com\/wp-content\/uploads\/2026\/01\/smiling-nurse-wearing-a-medical-uniform-with-badge-2025-03-07-15-03-13-utc-1536x1024.jpg 1536w, https:\/\/leerpad.com\/wp-content\/uploads\/2026\/01\/smiling-nurse-wearing-a-medical-uniform-with-badge-2025-03-07-15-03-13-utc-2048x1365.jpg 2048w\" sizes=\"(max-width: 800px) 100vw, 800px\" \/>\t\t\t\t\t\t<\/div>\r\n\t\t\t\t\t\t<\/div>\n\t\t\t\t<\/div>\n\t\t\t\t<div class=\"elementor-element elementor-element-8e49403 elementor-widget__width-initial wcf-t-animation-text_move elementor-widget-mobile__width-inherit wcf-starter-animations-none elementor-widget elementor-widget-wcf--title\" data-id=\"8e49403\" data-element_type=\"widget\" data-e-type=\"widget\" data-settings=\"{&quot;wcf_text_animation&quot;:&quot;text_move&quot;,&quot;text_transform_origin&quot;:&quot;top center -50&quot;,&quot;wcf_starter_animations&quot;:&quot;none&quot;,&quot;wcf_anim_duration&quot;:1000,&quot;wcf_anim_delay&quot;:0,&quot;wcf_anim_ease&quot;:&quot;ease&quot;,&quot;aae_text_trigger&quot;:&quot;on_scroll&quot;,&quot;text_delay&quot;:0.15,&quot;text_duration&quot;:1,&quot;text_stagger&quot;:0.02,&quot;text_rotation_di&quot;:&quot;x&quot;,&quot;text_rotation&quot;:&quot;-80&quot;,&quot;wcf-animation&quot;:&quot;none&quot;}\" data-widget_type=\"wcf--title.default\">\n\t\t\t\t<div class=\"elementor-widget-container\">\n\t\t\t\t\t<h2 class=\"wcf--title\">Enfoque \u00fanico<\/h2>\t\t\t\t<\/div>\n\t\t\t\t<\/div>\n\t\t\t\t<div class=\"elementor-element elementor-element-52cb2e8 wcf-t-animation-text_move wcf-starter-animations-none elementor-widget elementor-widget-wcf--text\" data-id=\"52cb2e8\" data-element_type=\"widget\" data-e-type=\"widget\" data-settings=\"{&quot;wcf_text_animation&quot;:&quot;text_move&quot;,&quot;text_transform_origin&quot;:&quot;top center -50&quot;,&quot;wcf_starter_animations&quot;:&quot;none&quot;,&quot;wcf_anim_duration&quot;:1000,&quot;wcf_anim_delay&quot;:0,&quot;wcf_anim_ease&quot;:&quot;ease&quot;,&quot;aae_text_trigger&quot;:&quot;on_scroll&quot;,&quot;text_delay&quot;:0.15,&quot;text_duration&quot;:1,&quot;text_stagger&quot;:0.02,&quot;text_rotation_di&quot;:&quot;x&quot;,&quot;text_rotation&quot;:&quot;-80&quot;,&quot;wcf-animation&quot;:&quot;none&quot;}\" data-widget_type=\"wcf--text.default\">\n\t\t\t\t<div class=\"elementor-widget-container\">\n\t\t\t\t\t<div class=\"wcf--text\"><p>Leerpad.com cree que la verdadera transformaci\u00f3n comienza con un entendimiento de las creencias personales y los comportamientos. Trabajando en profundidad en el n\u00facleo de lo que impulsa el comportamiento humano, sostenible, el cambio se hace posible. Este enfoque ayuda a los Desarrolladores de Negocio no s\u00f3lo para ser m\u00e1s efectivos en su trabajo, pero tambi\u00e9n para contribuir a que el hospital ambiciones de largo plazo: una mejor atenci\u00f3n para los pacientes y una fuerte posici\u00f3n como l\u00edder en el instituto.<\/p><\/div>\t\t\t\t<\/div>\n\t\t\t\t<\/div>\n\t\t\t\t<\/div>\n\t\t<div class=\"elementor-element elementor-element-4fb4b12 e-con-full e-flex wcf-starter-animations-none e-con e-child\" data-id=\"4fb4b12\" data-element_type=\"container\" data-e-type=\"container\" data-settings=\"{&quot;wcf_enable_cursor_hover_effect_text&quot;:&quot;View&quot;,&quot;wcf_enable_pin_area&quot;:&quot;yes&quot;,&quot;wcf_enable_pin_area_tablet&quot;:&quot;yes&quot;,&quot;wcf_enable_pin_area_mobile&quot;:&quot;no&quot;,&quot;wcf-animation&quot;:&quot;none&quot;,&quot;wcf_pin_end_trigger_type&quot;:&quot;default&quot;,&quot;wcf_pin_status&quot;:&quot;true&quot;,&quot;wcf_pin_area_start&quot;:&quot;top top&quot;,&quot;wcf_pin_area_end&quot;:&quot;bottom bottom&quot;,&quot;wcf_pin_spacing&quot;:&quot;false&quot;,&quot;wcf_pin_markers&quot;:&quot;false&quot;,&quot;aae_enable_header_sticky_area&quot;:&quot;no&quot;}\">\n\t\t<div class=\"aae-disable-transition elementor-element elementor-element-06e6403 e-con-full e-flex wcf-starter-animations-none e-con e-child\" data-id=\"06e6403\" data-element_type=\"container\" data-e-type=\"container\" data-settings=\"{&quot;background_background&quot;:&quot;classic&quot;,&quot;wcf-animation&quot;:&quot;fade&quot;,&quot;wcf_enable_cursor_hover_effect_text&quot;:&quot;View&quot;,&quot;wcf_enable_pin_area_tablet&quot;:&quot;no&quot;,&quot;aae_method&quot;:&quot;from&quot;,&quot;aae_trigger&quot;:&quot;on_scroll&quot;,&quot;delay&quot;:0.15,&quot;fade-from&quot;:&quot;bottom&quot;,&quot;data-duration&quot;:1.5,&quot;ease&quot;:&quot;power2.out&quot;,&quot;fade-offset&quot;:50,&quot;wcf_enable_pin_area&quot;:&quot;no&quot;,&quot;aae_enable_header_sticky_area&quot;:&quot;no&quot;}\">\n\t\t\t\t<div class=\"elementor-element elementor-element-d88b932 wcf-starter-animations-none wcf-t-animation-none elementor-widget elementor-widget-wcf--title\" data-id=\"d88b932\" data-element_type=\"widget\" data-e-type=\"widget\" data-settings=\"{&quot;wcf_starter_animations&quot;:&quot;none&quot;,&quot;wcf_anim_duration&quot;:1000,&quot;wcf_anim_delay&quot;:0,&quot;wcf_anim_ease&quot;:&quot;ease&quot;,&quot;wcf_text_animation&quot;:&quot;none&quot;,&quot;wcf-animation&quot;:&quot;none&quot;}\" data-widget_type=\"wcf--title.default\">\n\t\t\t\t<div class=\"elementor-widget-container\">\n\t\t\t\t\t<h4 class=\"wcf--title\">Patrones de comportamiento<\/h4>\t\t\t\t<\/div>\n\t\t\t\t<\/div>\n\t\t\t\t<div class=\"elementor-element elementor-element-bb01dcc elementor-icon-list--layout-traditional elementor-list-item-link-full_width elementor-widget elementor-widget-icon-list\" data-id=\"bb01dcc\" data-element_type=\"widget\" data-e-type=\"widget\" data-settings=\"{&quot;wcf-animation&quot;:&quot;none&quot;}\" data-widget_type=\"icon-list.default\">\n\t\t\t\t<div class=\"elementor-widget-container\">\n\t\t\t\t\t\t\t<ul class=\"elementor-icon-list-items\">\n\t\t\t\t\t\t\t<li class=\"elementor-icon-list-item\">\n\t\t\t\t\t\t\t\t\t\t<span class=\"elementor-icon-list-text\">La identificaci\u00f3n y transformaci\u00f3n de creencias inconscientes que se interponen en el camino de efectivo de la conversaci\u00f3n.<\/span>\n\t\t\t\t\t\t\t\t\t<\/li>\n\t\t\t\t\t\t<\/ul>\n\t\t\t\t\t\t<\/div>\n\t\t\t\t<\/div>\n\t\t\t\t<div class=\"elementor-element elementor-element-de87237 elementor-widget-divider--view-line elementor-widget elementor-widget-divider\" data-id=\"de87237\" data-element_type=\"widget\" data-e-type=\"widget\" data-settings=\"{&quot;wcf-animation&quot;:&quot;none&quot;}\" data-widget_type=\"divider.default\">\n\t\t\t\t<div class=\"elementor-widget-container\">\n\t\t\t\t\t\t\t<div class=\"elementor-divider\">\n\t\t\t<span class=\"elementor-divider-separator\">\n\t\t\t\t\t\t<\/span>\n\t\t<\/div>\n\t\t\t\t\t\t<\/div>\n\t\t\t\t<\/div>\n\t\t\t\t<div class=\"elementor-element elementor-element-a392858 wcf-starter-animations-none wcf-t-animation-none elementor-widget elementor-widget-wcf--title\" data-id=\"a392858\" data-element_type=\"widget\" data-e-type=\"widget\" data-settings=\"{&quot;wcf_starter_animations&quot;:&quot;none&quot;,&quot;wcf_anim_duration&quot;:1000,&quot;wcf_anim_delay&quot;:0,&quot;wcf_anim_ease&quot;:&quot;ease&quot;,&quot;wcf_text_animation&quot;:&quot;none&quot;,&quot;wcf-animation&quot;:&quot;none&quot;}\" data-widget_type=\"wcf--title.default\">\n\t\t\t\t<div class=\"elementor-widget-container\">\n\t\t\t\t\t<h4 class=\"wcf--title\">Conversacional<\/h4>\t\t\t\t<\/div>\n\t\t\t\t<\/div>\n\t\t\t\t<div class=\"elementor-element elementor-element-54df485 elementor-icon-list--layout-traditional elementor-list-item-link-full_width elementor-widget elementor-widget-icon-list\" data-id=\"54df485\" data-element_type=\"widget\" data-e-type=\"widget\" data-settings=\"{&quot;wcf-animation&quot;:&quot;none&quot;}\" data-widget_type=\"icon-list.default\">\n\t\t\t\t<div class=\"elementor-widget-container\">\n\t\t\t\t\t\t\t<ul class=\"elementor-icon-list-items\">\n\t\t\t\t\t\t\t<li class=\"elementor-icon-list-item\">\n\t\t\t\t\t\t\t\t\t\t\t<a href=\"https:\/\/leerpad.com\/begrip\/pull-communicatie\/\">\n\n\t\t\t\t\t\t\t\t\t\t\t<span class=\"elementor-icon-list-text\">El fortalecimiento de las habilidades de conversaci\u00f3n de forma clara y convincente transmitir el valor del hospital.<\/span>\n\t\t\t\t\t\t\t\t\t\t\t<\/a>\n\t\t\t\t\t\t\t\t\t<\/li>\n\t\t\t\t\t\t<\/ul>\n\t\t\t\t\t\t<\/div>\n\t\t\t\t<\/div>\n\t\t\t\t<div class=\"elementor-element elementor-element-a9b7dcb elementor-widget-divider--view-line elementor-widget elementor-widget-divider\" data-id=\"a9b7dcb\" data-element_type=\"widget\" data-e-type=\"widget\" data-settings=\"{&quot;wcf-animation&quot;:&quot;none&quot;}\" data-widget_type=\"divider.default\">\n\t\t\t\t<div class=\"elementor-widget-container\">\n\t\t\t\t\t\t\t<div class=\"elementor-divider\">\n\t\t\t<span class=\"elementor-divider-separator\">\n\t\t\t\t\t\t<\/span>\n\t\t<\/div>\n\t\t\t\t\t\t<\/div>\n\t\t\t\t<\/div>\n\t\t\t\t<div class=\"elementor-element elementor-element-2f09396 wcf-starter-animations-none wcf-t-animation-none elementor-widget elementor-widget-wcf--title\" data-id=\"2f09396\" data-element_type=\"widget\" data-e-type=\"widget\" data-settings=\"{&quot;wcf_starter_animations&quot;:&quot;none&quot;,&quot;wcf_anim_duration&quot;:1000,&quot;wcf_anim_delay&quot;:0,&quot;wcf_anim_ease&quot;:&quot;ease&quot;,&quot;wcf_text_animation&quot;:&quot;none&quot;,&quot;wcf-animation&quot;:&quot;none&quot;}\" data-widget_type=\"wcf--title.default\">\n\t\t\t\t<div class=\"elementor-widget-container\">\n\t\t\t\t\t<h4 class=\"wcf--title\">Resultado<\/h4>\t\t\t\t<\/div>\n\t\t\t\t<\/div>\n\t\t\t\t<div class=\"elementor-element elementor-element-9b07485 elementor-icon-list--layout-traditional elementor-list-item-link-full_width elementor-widget elementor-widget-icon-list\" data-id=\"9b07485\" data-element_type=\"widget\" data-e-type=\"widget\" data-settings=\"{&quot;wcf-animation&quot;:&quot;none&quot;}\" data-widget_type=\"icon-list.default\">\n\t\t\t\t<div class=\"elementor-widget-container\">\n\t\t\t\t\t\t\t<ul class=\"elementor-icon-list-items\">\n\t\t\t\t\t\t\t<li class=\"elementor-icon-list-item\">\n\t\t\t\t\t\t\t\t\t\t\t<span class=\"elementor-icon-list-icon\">\n\t\t\t\t\t\t\t<i aria-hidden=\"true\" class=\"icon_check_alt2\"><\/i>\t\t\t\t\t\t<\/span>\n\t\t\t\t\t\t\t\t\t\t<span class=\"elementor-icon-list-text\">M\u00e1s impactante conversaciones<\/span>\n\t\t\t\t\t\t\t\t\t<\/li>\n\t\t\t\t\t\t\t\t<li class=\"elementor-icon-list-item\">\n\t\t\t\t\t\t\t\t\t\t\t<span class=\"elementor-icon-list-icon\">\n\t\t\t\t\t\t\t<i aria-hidden=\"true\" class=\"icon_check_alt2\"><\/i>\t\t\t\t\t\t<\/span>\n\t\t\t\t\t\t\t\t\t\t<span class=\"elementor-icon-list-text\">M\u00e1s fuerte la efectividad personal<\/span>\n\t\t\t\t\t\t\t\t\t<\/li>\n\t\t\t\t\t\t\t\t<li class=\"elementor-icon-list-item\">\n\t\t\t\t\t\t\t\t\t\t\t<span class=\"elementor-icon-list-icon\">\n\t\t\t\t\t\t\t<i aria-hidden=\"true\" class=\"icon_check_alt2\"><\/i>\t\t\t\t\t\t<\/span>\n\t\t\t\t\t\t\t\t\t\t<span class=\"elementor-icon-list-text\">Mayor valor para el cliente<\/span>\n\t\t\t\t\t\t\t\t\t<\/li>\n\t\t\t\t\t\t\t\t<li class=\"elementor-icon-list-item\">\n\t\t\t\t\t\t\t\t\t\t\t<span class=\"elementor-icon-list-icon\">\n\t\t\t\t\t\t\t<i aria-hidden=\"true\" class=\"icon_check_alt2\"><\/i>\t\t\t\t\t\t<\/span>\n\t\t\t\t\t\t\t\t\t\t<span class=\"elementor-icon-list-text\">Larga duraci\u00f3n de la vinculaci\u00f3n<\/span>\n\t\t\t\t\t\t\t\t\t<\/li>\n\t\t\t\t\t\t<\/ul>\n\t\t\t\t\t\t<\/div>\n\t\t\t\t<\/div>\n\t\t\t\t<\/div>\n\t\t\t\t<\/div>\n\t\t\t\t\t<\/div>\n\t\t\t\t<\/div>\n\t\t\t\t<\/div>","protected":false},"excerpt":{"rendered":"<p>Versterken Vaardigheden Ziekenhuis Een leerpad die vaardigheden weet te versterken in het ziekenhuis Het ziekenhuis stond voor de uitdaging om de toegevoegde waarde van hun organisatie duidelijker te communiceren in gesprekken met externe partijen. Business Developers spelen hierin een cruciale rol, maar sommige medewerkers ervaren belemmeringen in zelfvertrouwen en overtuigingskracht. Daarnaast ontbreekt soms een consistente [&hellip;]<\/p>\n","protected":false},"author":224244682,"featured_media":39405,"parent":1989,"menu_order":10,"comment_status":"closed","ping_status":"closed","template":"","meta":{"_acf_changed":false,"_crdt_document":"","footnotes":""},"class_list":["post-2532","page","type-page","status-publish","has-post-thumbnail","hentry"],"acf":[],"_links":{"self":[{"href":"https:\/\/leerpad.com\/es\/wp-json\/wp\/v2\/pages\/2532","targetHints":{"allow":["GET"]}}],"collection":[{"href":"https:\/\/leerpad.com\/es\/wp-json\/wp\/v2\/pages"}],"about":[{"href":"https:\/\/leerpad.com\/es\/wp-json\/wp\/v2\/types\/page"}],"author":[{"embeddable":true,"href":"https:\/\/leerpad.com\/es\/wp-json\/wp\/v2\/users\/224244682"}],"replies":[{"embeddable":true,"href":"https:\/\/leerpad.com\/es\/wp-json\/wp\/v2\/comments?post=2532"}],"version-history":[{"count":0,"href":"https:\/\/leerpad.com\/es\/wp-json\/wp\/v2\/pages\/2532\/revisions"}],"up":[{"embeddable":true,"href":"https:\/\/leerpad.com\/es\/wp-json\/wp\/v2\/pages\/1989"}],"wp:featuredmedia":[{"embeddable":true,"href":"https:\/\/leerpad.com\/es\/wp-json\/wp\/v2\/media\/39405"}],"wp:attachment":[{"href":"https:\/\/leerpad.com\/es\/wp-json\/wp\/v2\/media?parent=2532"}],"curies":[{"name":"wp","href":"https:\/\/api.w.org\/{rel}","templated":true}]}}